{"id":310,"date":"2021-04-24T00:44:51","date_gmt":"2021-04-23T21:44:51","guid":{"rendered":"https:\/\/yinemedia.com\/zapsu\/?page_id=310"},"modified":"2025-06-11T21:44:20","modified_gmt":"2025-06-11T18:44:20","slug":"biyografi","status":"publish","type":"page","link":"https:\/\/www.czapsu.com\/tr\/biyografi\/","title":{"rendered":"Biyografi"},"content":{"rendered":"\t\t<div data-elementor-type=\"wp-page\" data-elementor-id=\"310\" class=\"elementor elementor-310\">\n\t\t\t\t\t\t<section class=\"elementor-section elementor-top-section elementor-element elementor-element-412c403 elementor-section-boxed elementor-section-height-default elementor-section-height-default\" data-id=\"412c403\" data-element_type=\"section\" data-e-type=\"section\">\n\t\t\t\t\t\t\t<div class=\"elementor-background-overlay\"><\/div>\n\t\t\t\t\t\t\t<div class=\"elementor-container elementor-column-gap-no\">\n\t\t\t\t\t<div class=\"elementor-column elementor-col-100 elementor-top-column elementor-element elementor-element-46371a7\" data-id=\"46371a7\" data-element_type=\"column\" data-e-type=\"column\">\n\t\t\t<div class=\"elementor-widget-wrap elementor-element-populated\">\n\t\t\t\t\t\t<div class=\"elementor-element elementor-element-10c3822 elementor-widget elementor-widget-text-editor\" data-id=\"10c3822\" data-element_type=\"widget\" data-e-type=\"widget\" data-widget_type=\"text-editor.default\">\n\t\t\t\t<div class=\"elementor-widget-container\">\n\t\t\t\t\t\t\t\t\t<h3 style=\"color: #fff;\">Anasayfa \/<\/h3>\n<h2 style=\"color: #fff;\">Biyografi<\/h2>\t\t\t\t\t\t\t\t<\/div>\n\t\t\t\t<\/div>\n\t\t\t\t\t<\/div>\n\t\t<\/div>\n\t\t\t\t\t<\/div>\n\t\t<\/section>\n\t\t\t\t<section class=\"elementor-section elementor-top-section elementor-element elementor-element-89b1199 elementor-section-boxed elementor-section-height-default elementor-section-height-default\" data-id=\"89b1199\" data-element_type=\"section\" data-e-type=\"section\">\n\t\t\t\t\t\t<div class=\"elementor-container elementor-column-gap-no\">\n\t\t\t\t\t<div class=\"elementor-column elementor-col-100 elementor-top-column elementor-element elementor-element-7bfdfcc\" data-id=\"7bfdfcc\" data-element_type=\"column\" data-e-type=\"column\">\n\t\t\t<div class=\"elementor-widget-wrap elementor-element-populated\">\n\t\t\t\t\t\t<div class=\"elementor-element elementor-element-3d65efe elementor-tabs-view-vertical elementor-widget elementor-widget-tabs\" data-id=\"3d65efe\" data-element_type=\"widget\" data-e-type=\"widget\" data-widget_type=\"tabs.default\">\n\t\t\t\t<div class=\"elementor-widget-container\">\n\t\t\t\t\t\t\t<div class=\"elementor-tabs\">\n\t\t\t<div class=\"elementor-tabs-wrapper\" role=\"tablist\" >\n\t\t\t\t\t\t\t\t\t<div id=\"elementor-tab-title-6431\" class=\"elementor-tab-title elementor-tab-desktop-title\" aria-selected=\"true\" data-tab=\"1\" role=\"tab\" tabindex=\"0\" aria-controls=\"elementor-tab-content-6431\" aria-expanded=\"false\"><i class=\"icon-dot\"><\/i> Cuneyd Zapsu<\/div>\n\t\t\t\t\t\t\t\t\t<div id=\"elementor-tab-title-6432\" class=\"elementor-tab-title elementor-tab-desktop-title\" aria-selected=\"false\" data-tab=\"2\" role=\"tab\" tabindex=\"-1\" aria-controls=\"elementor-tab-content-6432\" aria-expanded=\"false\"><i class=\"icon-dot\"><\/i> Aile K\u00f6kleri<\/div>\n\t\t\t\t\t\t\t\t\t<div id=\"elementor-tab-title-6433\" class=\"elementor-tab-title elementor-tab-desktop-title\" aria-selected=\"false\" data-tab=\"3\" role=\"tab\" tabindex=\"-1\" aria-controls=\"elementor-tab-content-6433\" aria-expanded=\"false\"><i class=\"icon-dot\"><\/i> \u0130\u015f<\/div>\n\t\t\t\t\t\t\t\t\t<div id=\"elementor-tab-title-6434\" class=\"elementor-tab-title elementor-tab-desktop-title\" aria-selected=\"false\" data-tab=\"4\" role=\"tab\" tabindex=\"-1\" aria-controls=\"elementor-tab-content-6434\" aria-expanded=\"false\"><i class=\"icon-dot\"><\/i> Sivil Toplum<\/div>\n\t\t\t\t\t\t\t\t\t<div id=\"elementor-tab-title-6435\" class=\"elementor-tab-title elementor-tab-desktop-title\" aria-selected=\"false\" data-tab=\"5\" role=\"tab\" tabindex=\"-1\" aria-controls=\"elementor-tab-content-6435\" aria-expanded=\"false\"><i class=\"icon-dot\"><\/i> Liyakat<\/div>\n\t\t\t\t\t\t\t\t\t<div id=\"elementor-tab-title-6436\" class=\"elementor-tab-title elementor-tab-desktop-title\" aria-selected=\"false\" data-tab=\"6\" role=\"tab\" tabindex=\"-1\" aria-controls=\"elementor-tab-content-6436\" aria-expanded=\"false\"><i class=\"icon-dot\"><\/i> E\u011fitim<\/div>\n\t\t\t\t\t\t\t<\/div>\n\t\t\t<div class=\"elementor-tabs-content-wrapper\" role=\"tablist\" aria-orientation=\"vertical\">\n\t\t\t\t\t\t\t\t\t<div class=\"elementor-tab-title elementor-tab-mobile-title\" aria-selected=\"true\" data-tab=\"1\" role=\"tab\" tabindex=\"0\" aria-controls=\"elementor-tab-content-6431\" aria-expanded=\"false\"><i class=\"icon-dot\"><\/i> Cuneyd Zapsu<\/div>\n\t\t\t\t\t<div id=\"elementor-tab-content-6431\" class=\"elementor-tab-content elementor-clearfix\" data-tab=\"1\" role=\"tabpanel\" aria-labelledby=\"elementor-tab-title-6431\" tabindex=\"0\" hidden=\"false\"><p><span style=\"text-align: justify; letter-spacing: 0px;\">Cuneyd Zapsu 19 Kas\u0131m 1956 tarihinde \u0130stanbul\u2019da do\u011fdu. 1960 y\u0131l\u0131nda, babas\u0131 Mustafa Pertev Zapsu\u2019nun M\u00fcnih\u2019e yerle\u015fmesi \u00fczerine annesi Gaye Zapsu, \u00e7ocuklar\u0131 Aziz ve Cuneyd ile birlikte e\u015finin yan\u0131na gitti.<\/span><\/p><p style=\"text-align: justify;\">\u00c7ocuklu\u011funu burada ge\u00e7iren Zapsu, ilkokulu Almanya&#8217;da tamamlad\u0131. \u0130plik ticaretiyle u\u011fra\u015fan babas\u0131 \u0130stanbul&#8217;a d\u00f6n\u00fcnce, kendisinden 2 ya\u015f b\u00fcy\u00fck abisi Aziz Zapsu ile birlikte 1967&#8217;de \u0130stanbul Alman Lisesi&#8217;ne kaydoldu. Almanca ve \u0130ngilizce dillerini bilmektedir.<\/p><p style=\"text-align: justify;\">Y\u00fcksek\u00f6\u011fretim y\u0131llar\u0131nda, \u0130stanbul \u00dcniversitesi \u0130\u015fletme Fak\u00fcltesi&#8217;ne devam etti\u011fi d\u00f6nemde, ikinci \u00fcniversite olarak M\u00fcnih Ludwig Maximilian \u00dcniversitesi&#8217;nde iktisat okumak \u00fczere Almanya&#8217;ya d\u00f6nd\u00fc. Buradaki \u00f6\u011frencilik d\u00f6nemi, ticarete at\u0131lmas\u0131yla birlikte ayn\u0131 zamanda giri\u015fimcilik okuluna da d\u00f6n\u00fc\u015ft\u00fc. Babas\u0131n\u0131n kurdu\u011fu tekstil \u015firketini canland\u0131rman\u0131n yan\u0131nda, T\u00fcrkiye&#8217;den i\u015flenmi\u015f f\u0131nd\u0131k ithalat\u0131 yapmaya ba\u015flad\u0131. Ancak babas\u0131n\u0131n \u0131srar\u0131yla T\u00fcrkiye&#8217;ye d\u00f6nd\u00fc ve i\u015f hayat\u0131na burada da devam etti.<\/p><p style=\"text-align: justify;\">F\u0131nd\u0131k sekt\u00f6r\u00fcnde d\u00fcnya lideri olan Balsu G\u0131da&#8217;y\u0131 kuran Zapsu, 1986&#8217;da T\u00dcS\u0130AD&#8217;a girdi\u011finde en gen\u00e7 \u00fcye olarak kay\u0131tlara ge\u00e7ti.<\/p><p style=\"text-align: justify;\">1992&#8217;den beri D\u00fcnya Ekonomik Forumu \u00fcyesi olarak uluslararas\u0131 ticari ili\u015fkilerini daha da geni\u015fletti.<\/p><p style=\"text-align: justify; line-height: 14.4pt;\">Bir d\u00f6nem me\u015fhur olan ve Ali Taran&#8217;\u0131n yapt\u0131\u011f\u0131 &#8220;Aganigi Naganigi&#8221; reklam kampanyas\u0131n\u0131 da d\u00fczenleyen F\u0131nd\u0131k Tan\u0131t\u0131m&#8217;\u0131 (FTG) kurup, E\u015f Ba\u015fkan\u0131 oldu.<\/p><p style=\"text-align: justify; line-height: 14.4pt;\">Kurucusu oldu\u011fu Ak Parti&#8217;de, Genel Ba\u015fkan \u00d6zel Dan\u0131\u015fman\u0131 ve Veri Koordinat\u00f6r\u00fc olarak i\u015f hayat\u0131na ara verdi. Bu d\u00f6nemde T\u00fcrkiye&#8217;nin demokratikle\u015fme ve d\u00fcnyaya a\u00e7\u0131lmas\u0131n\u0131 sa\u011flamaya \u00e7al\u0131\u015ft\u0131.<\/p><p style=\"text-align: justify; line-height: 14.4pt;\">Mart 2008&#8217;de partideki t\u00fcm g\u00f6revlerinden istifa ettikten sonra kurdu\u011fu Cuneyd Zapsu Dan\u0131\u015fmanl\u0131k A.\u015e ile uluslararas\u0131 b\u00fcy\u00fck \u015firketlere t\u00fcm d\u00fcnyada dan\u0131\u015fmanl\u0131k hizmetleri vermektedir.<\/p><p style=\"text-align: justify; line-height: 14.4pt;\">BALSU \u015firketi gibi kendi direkt yat\u0131r\u0131mlar\u0131 da bulunmaktad\u0131r.<\/p><p style=\"text-align: justify; line-height: 14.4pt;\">11-18 ya\u015f grubundaki \u00e7ocuk ve gen\u00e7lerin e\u011fitime eri\u015fmelerinin sa\u011flanmas\u0131, \u00e7ocuk i\u015f\u00e7ili\u011finin \u00f6nlenmesi gibi konular \u00fczerine projeler geli\u015ftiren Gen\u00e7 Hayat Vakf\u0131&#8217;n\u0131 ailesi ile birlikte kurdu.<\/p><\/div>\n\t\t\t\t\t\t\t\t\t<div class=\"elementor-tab-title elementor-tab-mobile-title\" aria-selected=\"false\" data-tab=\"2\" role=\"tab\" tabindex=\"-1\" aria-controls=\"elementor-tab-content-6432\" aria-expanded=\"false\"><i class=\"icon-dot\"><\/i> Aile K\u00f6kleri<\/div>\n\t\t\t\t\t<div id=\"elementor-tab-content-6432\" class=\"elementor-tab-content elementor-clearfix\" data-tab=\"2\" role=\"tabpanel\" aria-labelledby=\"elementor-tab-title-6432\" tabindex=\"0\" hidden=\"hidden\"><p>Dede Abdurrahim Rahmi Zapsu, baba taraf\u0131ndan Geylani, anne taraf\u0131ndan Arvasidir. Osmanl\u0131\u2019n\u0131n son ilahiyat mezunlar\u0131ndan, Dar-\u00fcl Hikmet-il \u0130slamiye \u00fcyesi olup I. D\u00fcnya Sava\u015f\u0131 Do\u011fu Cephesi\u2019nde Ruslara kar\u015f\u0131 sava\u015fm\u0131\u015f, islam \u00e2lim, yazar ve \u015fairdir. 1927 Maliye Mektebi mezunudur. Bedirhani Hidayet Han\u0131m ile olan evlili\u011finden: Jale, Mustafa Pertev, Ay\u015fe Hale ve Daver Metin isimlerinde d\u00f6rt \u00e7ocuk d\u00fcnyaya geldi. Abdurrahim Zapsu, 1958\u2019de vefat etti.<\/p>\n<p>Di\u011fer dede \u0130brahim Uzel, 1912 senesindeki Rus sava\u015f\u0131nda Rus\u00e7uk\u2019tan Bursa\u2019ya g\u00f6\u00e7m\u00fc\u015ft\u00fcr. Demirci ustas\u0131 olarak kendini geli\u015ftirmi\u015f ve Uzel Makine Sanayii adl\u0131 \u015firketi ile otomotiv sekt\u00f6r\u00fc i\u00e7in makas ve sair aksam \u00fcretmi\u015f, 1960&#8217;da da Massey Ferguson lisans\u0131 ile trakt\u00f6r \u00fcretimine ba\u015flam\u0131\u015ft\u0131r. \u0130brahim Uzel, 1963\u2019de vefat etmi\u015ftir. K\u0131z\u0131 Gaye Uzel, Abdurrahim Zapsu\u2019nun o\u011flu Mustafa Pertev ile 1954\u2019te evlenmi\u015ftir.<\/p>\n<p>Pertev Zapsu, bir \u0130slam \u00e2liminin o\u011flu olmas\u0131na ra\u011fmen \u0130stanbul&#8217;daki \u00d6zel Sankt Georg Avusturya Lisesi&#8217;nde (k\u0131z karde\u015fleri de Frans\u0131z ve Avusturya okullar\u0131nda) e\u011fitim g\u00f6rd\u00fc. Askeri darbede T\u00fcrkiye&#8217;den gemi ile ayr\u0131lan Pertev Zapsu, Demokrat Parti&#8217;nin destek\u00e7isiydi. \u0130lk olarak Marsilya ve Rotterdam&#8217;da haber al\u0131nan Zapsu, sonras\u0131nda M\u00fcnih&#8217;e yerle\u015ferek ailesini de Almanya&#8217;ya getirdi. Zapsu, orada pamuk ipli\u011fi ticareti yapt\u0131 ve aile 1967 y\u0131l\u0131nda \u0130stanbul&#8217;a d\u00f6nd\u00fc.<\/p>\n<p>Anne Gaye Zapsu, Rumeli g\u00f6\u00e7meni sanayici bir ailenin k\u0131z\u0131 olarak 1934\u2019de Bursa\u2019da do\u011fdu. Gaye Han\u0131m gen\u00e7lere Tezhip \u00f6\u011freten, Hat sanat\u0131nda icazet sahibi bir sanat\u00e7\u0131 idi. Azizler Holding\u2019in kurucular\u0131 aras\u0131nda da yer alan Gaye Zapsu, 2007\u2019de vefat etti.<\/p><\/div>\n\t\t\t\t\t\t\t\t\t<div class=\"elementor-tab-title elementor-tab-mobile-title\" aria-selected=\"false\" data-tab=\"3\" role=\"tab\" tabindex=\"-1\" aria-controls=\"elementor-tab-content-6433\" aria-expanded=\"false\"><i class=\"icon-dot\"><\/i> \u0130\u015f<\/div>\n\t\t\t\t\t<div id=\"elementor-tab-content-6433\" class=\"elementor-tab-content elementor-clearfix\" data-tab=\"3\" role=\"tabpanel\" aria-labelledby=\"elementor-tab-title-6433\" tabindex=\"0\" hidden=\"hidden\"><p>A\u015fa\u011f\u0131da, uzun i\u015f hayat\u0131nda yapm\u0131\u015f oldu\u011fu ve halen yapt\u0131\u011f\u0131 i\u015flerden sadece se\u00e7ilmi\u015f baz\u0131lar\u0131n\u0131 g\u00f6steriyoruz.<\/p><ul><li>Texu GmbH \u2013 M\u00fcnih \/ Kurucu ve Genel M\u00fcd\u00fcr \/ 1975 \u2013 1978<\/li><li>Azizler Holding \u2013 \u0130stanbul \/ Ba\u015fkan, Ba\u015fkan Yard\u0131mc\u0131s\u0131 ve Y\u00f6netim Kurulu \u00dcyesi \/ 1977 \u2013 2002<\/li><li>A&amp;C Marketing GmbH \u2013 M\u00fcnih \/ Kurucu ve Genel M\u00fcd\u00fcr \/ 1978 \u2013 1999<\/li><li>Balsu G\u0131da Sanayi ve Ticaret A.\u015e. \u2013 \u0130stanbul \/ Kurucu ve Y\u00f6netim Kurulu Ba\u015fkan\u0131 \/ 1979 \u2013 <strong>halen<\/strong><\/li><li>Birle\u015fik Ma\u011fazalar A.\u015e. (B\u0130M) \u2013 \u0130stanbul \/ Kurucu ve Y\u00f6netim Kurulu \u00dcyesi \/ 1995 \u2013 1999<\/li><li>Cuneyd Zapsu Dan\u0131\u015fmanl\u0131k A.\u015e. \u2013 \u0130stanbul \/ Kurucu ve Y\u00f6netim Kurulu Ba\u015fkan\u0131 \/ 2008 \u2013 <strong>halen<\/strong><\/li><li>Texas Pacific Group (TPG) \u2013 Fort Worth TX \/ K\u0131demli Dan\u0131\u015fman \/ 2008 \u2013 2017<\/li><li>A 101 Yeni Ma\u011fazac\u0131l\u0131k A.\u015e. \u2013 \u0130stanbul \/ Kurucu ve Hissedar \/ 2008 \u2013 2010<\/li><li>RWE Holding A.\u015e. \u2013 \u0130stanbul \/ Ba\u015fkan Yard\u0131mc\u0131s\u0131\u00a0 \/ 2008 \u2013 2013<\/li><li>RWE\u00a0 \u2013 Essen \/ K\u0131demli Dan\u0131\u015fman \/ 2008 \u2013 2013<\/li><li>Barclays Capital \u2013 Londra \/ K\u0131demli Dan\u0131\u015fman \/ 2010 \u2013 2014<\/li><li>Deloitte &#8211; \u0130stanbul \/ K\u0131demli Dan\u0131\u015fman \/ 2012 &#8211; 2014<\/li><li>Coca Cola Inc. \u2013 Atlanta \/ Senior Advisor \/ 2012 \u2013 2020<\/li><li>D\u00fcnya Ekonomik Forumu (WEF) \u2013 Cenevre \/ K\u0131demli Dan\u0131\u015fman \/ 2012 \u2013 2021<\/li><li>Akkuyu NPP \u2013 Ankara \/ Y\u00f6netim Kurulu \u00dcyesi \/ 2013 \u2013 2022<\/li><li>WPP \u2013 Londra \/ Dan\u0131\u015fma Kurulu \u00dcyesi \/ 2013 \u2013 2018<\/li><\/ul><\/div>\n\t\t\t\t\t\t\t\t\t<div class=\"elementor-tab-title elementor-tab-mobile-title\" aria-selected=\"false\" data-tab=\"4\" role=\"tab\" tabindex=\"-1\" aria-controls=\"elementor-tab-content-6434\" aria-expanded=\"false\"><i class=\"icon-dot\"><\/i> Sivil Toplum<\/div>\n\t\t\t\t\t<div id=\"elementor-tab-content-6434\" class=\"elementor-tab-content elementor-clearfix\" data-tab=\"4\" role=\"tabpanel\" aria-labelledby=\"elementor-tab-title-6434\" tabindex=\"0\" hidden=\"hidden\"><ul><li>T\u00fcrkiye Sanayicileri ve \u0130\u015f \u0130nsanlar\u0131 Derne\u011fi (T\u00dcS\u0130AD) \u2013 \u0130stanbul \/ \u00dcye \/ 1986 \u2013 <strong>halen<\/strong><\/li><li>\u0130hracat\u00e7\u0131lar Birli\u011fi \u2013 \u0130stanbul \/ Ba\u015fkan \/ 1987 \u2013 2001<\/li><li>Uluslararas\u0131 Yat\u0131r\u0131mc\u0131lar Derne\u011fi (YASED) \u2013 \u0130stanbul \/ \u00dcye \/ 1989 \u2013 2006<\/li><li>T\u00fcrk \u2013 Amerikan \u0130\u015f Konseyi (TAIK) \/ Y\u00f6netim Kurulu \u00dcyesi \/ 1994 \u2013 <strong>halen<\/strong><\/li><li>Alman \u2013 T\u00fcrk Ticaret ve Sanayi Odas\u0131 \/ 1995 \u2013 2002<\/li><li>Uluslararas\u0131 F\u0131nd\u0131k ve Kuru ve Kabuklu Meyveler Konseyi (INC) \/ Kurucu E\u015f Ba\u015fkan \/ 1996 \u2013 2019<\/li><li>F\u0131nd\u0131k Tan\u0131t\u0131m Kurulu (FTG) \/ Kurucu E\u015f Ba\u015fkan \/ 1997 \u2013 2001<\/li><li>D\u00fcnya F\u0131nd\u0131k Konseyi \u2013 New Jersey \/ Kurucu E\u015f Ba\u015fkan \/ 1997 \u2013 2001<\/li><li>T\u00fcrkiye Ekonomik ve Sosyal Et\u00fcdler Vakf\u0131 (TESEV) \/ Y\u00fcksek Dan\u0131\u015fma Kurulu \u00dcyesi \/ 2000-2015<\/li><li>Adalet ve Kalk\u0131nma Partisi (AK Parti) \/ Kurucu \u00dcye, Merkez Karar Y\u00fcr\u00fctme Kurulu \u00dcyesi, Genel Ba\u015fkan \u00d6zel Asistan\u0131 ve Veri Koordinat\u00f6r\u00fc \/ 2001 \u2013 2008<\/li><li>D\u00fcnya Ekonomik Forumu (WEF) \u2013 Cenevre \/ \u00dcye, Ortak \/ 2002 \u2013 <b>halen<\/b><\/li><li>Gen\u00e7 Hayat Vakf\u0131 (GHV)\u2013 \u0130stanbul \/ Kurucu, Denetim Kurulu \u00dcyesi \/ 2008 \u2013 <strong>halen<\/strong><\/li><li>T\u00fcrk \u2013 Alman \u0130\u015f Konseyi \u2013 \u0130stanbul \/ Y\u00f6netim Kurulu \u00dcyesi \/ 2008 \u2013 2018<\/li><li>\u0130stanbul \u00dcniversitesi \u0130\u015fletme Fak\u00fcltesi Mezunlar Derne\u011fi ALUMN\u0130 \/ Dan\u0131\u015fma Kurulu Ba\u015fkan\u0131 \/ 2010 \u2013 <strong>halen<\/strong><\/li><li>Uluslararas\u0131 Antalya \u00dcniversitesi \/ M\u00fctevelli Heyeti \u00dcyesi \/ 2011 \u2013 2017<\/li><li>\u0130stanbul Alman Lisesi Derne\u011fi \u2013 \u0130stanbul \/ Mezun, \u00dcye \/ 2014 \u2013 <strong>halen<\/strong><\/li><li>Kamusal Politika ve Demokrasi \u00c7al\u0131\u015fmalar\u0131 Derne\u011fi (PODEM) \/ Ba\u015fkan Yard\u0131mc\u0131s\u0131 \/ 2015 \u2013 <strong>halen<\/strong><\/li><li>D\u0131\u015f Ekonomik \u0130li\u015fkiler Kurulu (DE\u0130K) \u2013 \u0130stanbul \/ Y\u00f6netim Kurulu \u00dcyesi \/ 2015 \u2013 <strong>halen<\/strong><\/li><li>The Performance Theater (TPT) \u2013 Londra \/ Dan\u0131\u015fma Kurulu \u00dcyesi \/ 2016 \u2013 <strong>halen<\/strong><\/li><\/ul><\/div>\n\t\t\t\t\t\t\t\t\t<div class=\"elementor-tab-title elementor-tab-mobile-title\" aria-selected=\"false\" data-tab=\"5\" role=\"tab\" tabindex=\"-1\" aria-controls=\"elementor-tab-content-6435\" aria-expanded=\"false\"><i class=\"icon-dot\"><\/i> Liyakat<\/div>\n\t\t\t\t\t<div id=\"elementor-tab-content-6435\" class=\"elementor-tab-content elementor-clearfix\" data-tab=\"5\" role=\"tabpanel\" aria-labelledby=\"elementor-tab-title-6435\" tabindex=\"0\" hidden=\"hidden\"><ul><li>\u0130stanbul Odas\u0131\u2019ndan T\u00fcrkiye\u2019nin En \u0130yi \u0130hracat\u00e7\u0131lar\u0131 Y\u0131ll\u0131k Alt\u0131n Madalya \u00d6d\u00fclleri, \u0130stanbul Sanayi Odas\u0131 ve D\u0131\u015f Ticaret Bakanl\u0131\u011f\u0131 \/ 1987 &#8211; 2004<\/li><li>Federal Almanya Cumhurba\u015fkan\u0131\u2019ndan Federal Liyakat Ni\u015fan\u0131 \/ 2007<\/li><li>Uluslararas\u0131 Kuruyemi\u015f ve Kuru Meyve Konseyi taraf\u0131ndan Alt\u0131n F\u0131nd\u0131k \u00d6d\u00fcl\u00fc, INC \/ 2015\u00a0<\/li><\/ul><\/div>\n\t\t\t\t\t\t\t\t\t<div class=\"elementor-tab-title elementor-tab-mobile-title\" aria-selected=\"false\" data-tab=\"6\" role=\"tab\" tabindex=\"-1\" aria-controls=\"elementor-tab-content-6436\" aria-expanded=\"false\"><i class=\"icon-dot\"><\/i> E\u011fitim<\/div>\n\t\t\t\t\t<div id=\"elementor-tab-content-6436\" class=\"elementor-tab-content elementor-clearfix\" data-tab=\"6\" role=\"tabpanel\" aria-labelledby=\"elementor-tab-title-6436\" tabindex=\"0\" hidden=\"hidden\"><ul><li>\u0130lk\u00f6\u011fretim, M\u00fcnih \/ 1962 \u2013 1967<\/li><li>Alman Lisesi, \u0130stanbul \/ 1967 \u2013 1974<\/li><li>\u0130stanbul \u00dcniversitesi \u0130\u015fletme Fak\u00fcltesi, \u0130stanbul \/ 1974 \u2013 1979<\/li><li>Ludwig Maximilian \u00dcniversitesi \u0130ktisat Fak\u00fcltesi, M\u00fcnih \/ 1975 \u2013 1980<\/li><\/ul><\/div>\n\t\t\t\t\t\t\t<\/div>\n\t\t<\/div>\n\t\t\t\t\t\t<\/div>\n\t\t\t\t<\/div>\n\t\t\t\t\t<\/div>\n\t\t<\/div>\n\t\t\t\t\t<\/div>\n\t\t<\/section>\n\t\t\t\t<section class=\"elementor-section elementor-top-section elementor-element elementor-element-6d41c44 elementor-section-height-min-height elementor-section-boxed elementor-section-height-default elementor-section-items-middle\" data-id=\"6d41c44\" data-element_type=\"section\" data-e-type=\"section\">\n\t\t\t\t\t\t<div class=\"elementor-container elementor-column-gap-default\">\n\t\t\t\t\t<div class=\"elementor-column elementor-col-100 elementor-top-column elementor-element elementor-element-edd57bb\" data-id=\"edd57bb\" data-element_type=\"column\" data-e-type=\"column\">\n\t\t\t<div class=\"elementor-widget-wrap\">\n\t\t\t\t\t\t\t<\/div>\n\t\t<\/div>\n\t\t\t\t\t<\/div>\n\t\t<\/section>\n\t\t\t\t<\/div>\n\t\t","protected":false},"excerpt":{"rendered":"<p>Anasayfa \/ Biyografi Cuneyd Zapsu Aile K\u00f6kleri \u0130\u015f Sivil Toplum Liyakat E\u011fitim Cuneyd Zapsu Cuneyd Zapsu 19 Kas\u0131m 1956 tarihinde \u0130stanbul\u2019da do\u011fdu. 1960 y\u0131l\u0131nda, babas\u0131 Mustafa<span class=\"excerpt-hellip\"> [\u2026]<\/span><\/p>\n","protected":false},"author":1,"featured_media":0,"parent":0,"menu_order":0,"comment_status":"closed","ping_status":"closed","template":"","meta":{"footnotes":""},"class_list":["post-310","page","type-page","status-publish","hentry"],"_links":{"self":[{"href":"https:\/\/www.czapsu.com\/tr\/wp-json\/wp\/v2\/pages\/310","targetHints":{"allow":["GET"]}}],"collection":[{"href":"https:\/\/www.czapsu.com\/tr\/wp-json\/wp\/v2\/pages"}],"about":[{"href":"https:\/\/www.czapsu.com\/tr\/wp-json\/wp\/v2\/types\/page"}],"author":[{"embeddable":true,"href":"https:\/\/www.czapsu.com\/tr\/wp-json\/wp\/v2\/users\/1"}],"replies":[{"embeddable":true,"href":"https:\/\/www.czapsu.com\/tr\/wp-json\/wp\/v2\/comments?post=310"}],"version-history":[{"count":0,"href":"https:\/\/www.czapsu.com\/tr\/wp-json\/wp\/v2\/pages\/310\/revisions"}],"wp:attachment":[{"href":"https:\/\/www.czapsu.com\/tr\/wp-json\/wp\/v2\/media?parent=310"}],"curies":[{"name":"wp","href":"https:\/\/api.w.org\/{rel}","templated":true}]}}