{"id":310,"date":"2021-04-24T00:44:51","date_gmt":"2021-04-23T21:44:51","guid":{"rendered":"https:\/\/yinemedia.com\/zapsu\/?page_id=310"},"modified":"2025-06-18T10:55:31","modified_gmt":"2025-06-18T07:55:31","slug":"biography","status":"publish","type":"page","link":"https:\/\/www.czapsu.com\/en\/biography\/","title":{"rendered":"Biography"},"content":{"rendered":"\t\t<div data-elementor-type=\"wp-page\" data-elementor-id=\"310\" class=\"elementor elementor-310\">\n\t\t\t\t\t\t<section class=\"elementor-section elementor-top-section elementor-element elementor-element-412c403 elementor-section-boxed elementor-section-height-default elementor-section-height-default\" data-id=\"412c403\" data-element_type=\"section\" data-e-type=\"section\">\n\t\t\t\t\t\t\t<div class=\"elementor-background-overlay\"><\/div>\n\t\t\t\t\t\t\t<div class=\"elementor-container elementor-column-gap-no\">\n\t\t\t\t\t<div class=\"elementor-column elementor-col-100 elementor-top-column elementor-element elementor-element-46371a7\" data-id=\"46371a7\" data-element_type=\"column\" data-e-type=\"column\">\n\t\t\t<div class=\"elementor-widget-wrap elementor-element-populated\">\n\t\t\t\t\t\t<div class=\"elementor-element elementor-element-10c3822 elementor-widget elementor-widget-text-editor\" data-id=\"10c3822\" data-element_type=\"widget\" data-e-type=\"widget\" data-widget_type=\"text-editor.default\">\n\t\t\t\t<div class=\"elementor-widget-container\">\n\t\t\t\t\t\t\t\t\t<h3 style=\"color: #fff;\">Home \/<\/h3>\n<h2 style=\"color: #fff;\">Biography<\/h2>\t\t\t\t\t\t\t\t<\/div>\n\t\t\t\t<\/div>\n\t\t\t\t\t<\/div>\n\t\t<\/div>\n\t\t\t\t\t<\/div>\n\t\t<\/section>\n\t\t\t\t<section class=\"elementor-section elementor-top-section elementor-element elementor-element-89b1199 elementor-section-boxed elementor-section-height-default elementor-section-height-default\" data-id=\"89b1199\" data-element_type=\"section\" data-e-type=\"section\">\n\t\t\t\t\t\t<div class=\"elementor-container elementor-column-gap-no\">\n\t\t\t\t\t<div class=\"elementor-column elementor-col-100 elementor-top-column elementor-element elementor-element-7bfdfcc\" data-id=\"7bfdfcc\" data-element_type=\"column\" data-e-type=\"column\">\n\t\t\t<div class=\"elementor-widget-wrap elementor-element-populated\">\n\t\t\t\t\t\t<div class=\"elementor-element elementor-element-3d65efe elementor-tabs-view-vertical elementor-widget elementor-widget-tabs\" data-id=\"3d65efe\" data-element_type=\"widget\" data-e-type=\"widget\" data-widget_type=\"tabs.default\">\n\t\t\t\t<div class=\"elementor-widget-container\">\n\t\t\t\t\t\t\t<div class=\"elementor-tabs\">\n\t\t\t<div class=\"elementor-tabs-wrapper\" role=\"tablist\" >\n\t\t\t\t\t\t\t\t\t<div id=\"elementor-tab-title-6431\" class=\"elementor-tab-title elementor-tab-desktop-title\" aria-selected=\"true\" data-tab=\"1\" role=\"tab\" tabindex=\"0\" aria-controls=\"elementor-tab-content-6431\" aria-expanded=\"false\"><i class=\"icon-dot\"><\/i> Cuneyd Zapsu<\/div>\n\t\t\t\t\t\t\t\t\t<div id=\"elementor-tab-title-6432\" class=\"elementor-tab-title elementor-tab-desktop-title\" aria-selected=\"false\" data-tab=\"2\" role=\"tab\" tabindex=\"-1\" aria-controls=\"elementor-tab-content-6432\" aria-expanded=\"false\"><i class=\"icon-dot\"><\/i> Family Background<\/div>\n\t\t\t\t\t\t\t\t\t<div id=\"elementor-tab-title-6433\" class=\"elementor-tab-title elementor-tab-desktop-title\" aria-selected=\"false\" data-tab=\"3\" role=\"tab\" tabindex=\"-1\" aria-controls=\"elementor-tab-content-6433\" aria-expanded=\"false\"><i class=\"icon-dot\"><\/i> Business<\/div>\n\t\t\t\t\t\t\t\t\t<div id=\"elementor-tab-title-6434\" class=\"elementor-tab-title elementor-tab-desktop-title\" aria-selected=\"false\" data-tab=\"4\" role=\"tab\" tabindex=\"-1\" aria-controls=\"elementor-tab-content-6434\" aria-expanded=\"false\"><i class=\"icon-dot\"><\/i> Civil Society<\/div>\n\t\t\t\t\t\t\t\t\t<div id=\"elementor-tab-title-6435\" class=\"elementor-tab-title elementor-tab-desktop-title\" aria-selected=\"false\" data-tab=\"5\" role=\"tab\" tabindex=\"-1\" aria-controls=\"elementor-tab-content-6435\" aria-expanded=\"false\"><i class=\"icon-dot\"><\/i> Merits<\/div>\n\t\t\t\t\t\t\t\t\t<div id=\"elementor-tab-title-6436\" class=\"elementor-tab-title elementor-tab-desktop-title\" aria-selected=\"false\" data-tab=\"6\" role=\"tab\" tabindex=\"-1\" aria-controls=\"elementor-tab-content-6436\" aria-expanded=\"false\"><i class=\"icon-dot\"><\/i> Education<\/div>\n\t\t\t\t\t\t\t<\/div>\n\t\t\t<div class=\"elementor-tabs-content-wrapper\" role=\"tablist\" aria-orientation=\"vertical\">\n\t\t\t\t\t\t\t\t\t<div class=\"elementor-tab-title elementor-tab-mobile-title\" aria-selected=\"true\" data-tab=\"1\" role=\"tab\" tabindex=\"0\" aria-controls=\"elementor-tab-content-6431\" aria-expanded=\"false\"><i class=\"icon-dot\"><\/i> Cuneyd Zapsu<\/div>\n\t\t\t\t\t<div id=\"elementor-tab-content-6431\" class=\"elementor-tab-content elementor-clearfix\" data-tab=\"1\" role=\"tabpanel\" aria-labelledby=\"elementor-tab-title-6431\" tabindex=\"0\" hidden=\"false\"><p class=\"s5\"><span class=\"s4\">Cuneyd Zapsu was born in Istanbul on November 19, 1956. His mother, Gaye Zapsu, moved to Munich with her children Aziz and Cuneyd, after their father<\/span><span class=\"s4\">,<\/span><span class=\"s4\"> Mustafa Pertev Zapsu<\/span><span class=\"s4\">,<\/span><span class=\"s4\"> settled there in 1960.<\/span><\/p><p class=\"s5\"><span class=\"s4\">From age 4 to the end of his elementary school, Zapsu lived in Germany. When his father moved back to Istanbul<\/span><span class=\"s4\"> in 1967<\/span><span class=\"s4\">, Zapsu and his two years older brother <\/span><span class=\"s4\">enrolled at the Istanbul German High School where they remained until graduation. Zapsu is fluent in German and English.<\/span><\/p><p class=\"s5\"><span class=\"s4\">He continued his higher education at Istanbul University\u2019s Faculty of Business Administration, then went on to study Economics\u00a0at Ludwig Maximilian University in Munich. During this period, Zapsu and his brother made forays into the business world by reviving the textile company founded by his father and also<\/span><span class=\"s4\"> by<\/span><span class=\"s4\"> importing Turkish hazelnuts into Germany. Not long after becoming an entrepreneur, his father persuaded Zapsu to return to Turkey and continue his business there.<\/span><\/p><p class=\"s5\"><span class=\"s4\">In Turkey, the Zapsu<\/span><span class=\"s4\">s founded Balsu Gida, the leading company in the hazelnut industry, and in 1986 when he joined TUSIAD he was heralded as its youngest member.<\/span><\/p><p class=\"s5\"><span class=\"s4\">By joining the World Economic Forum in 1992, he further expanded his relations within the international platform.<\/span><\/p><p class=\"s5\"><span class=\"s4\">Ever pressing forward, Zapsu became the co-founder and president of the Hazelnut Promotion Group, which became famous for its \u201cAganigi Naganigi\u201d ad campaign created by Ali Taran.<\/span><\/p><p class=\"s5\"><span class=\"s4\">In later years<\/span><span class=\"s4\">,<\/span><span class=\"s4\"> he took a break from the business world to enter politics to serve as <\/span><span class=\"s4\">the <\/span><span class=\"s4\">Chairman\u2019s Special Advisor and Data Coordinator in the political party which he co-founded: the Justice and Development Party (AK Party). During this period, he made significant contributions to the democratisation and globalisation of the Turkish Republic.<\/span><\/p><p class=\"s5\"><span class=\"s4\">In March 2008, Zapsu resigned from all of his political duties and established Cuneyd Zapsu Consulting Inc. which provides global elite clientele with pragmatic and sustainable business solutions to ventures.<\/span><\/p><p class=\"s5\"><span class=\"s4\">Along with his consultancy work, Zapsu is still the Chairman of the Board of Balsu and is involved in various private investments and charity works.\u00a0<\/span><\/p><p class=\"s5\"><span class=\"s4\">In 2008, he co-founded Genc Hayat Vakfi with his family to provide children and young people aged 11-18 access to education and <\/span><span class=\"s4\">to <\/span><span class=\"s4\">prevent child labor.<\/span><\/p><\/div>\n\t\t\t\t\t\t\t\t\t<div class=\"elementor-tab-title elementor-tab-mobile-title\" aria-selected=\"false\" data-tab=\"2\" role=\"tab\" tabindex=\"-1\" aria-controls=\"elementor-tab-content-6432\" aria-expanded=\"false\"><i class=\"icon-dot\"><\/i> Family Background<\/div>\n\t\t\t\t\t<div id=\"elementor-tab-content-6432\" class=\"elementor-tab-content elementor-clearfix\" data-tab=\"2\" role=\"tabpanel\" aria-labelledby=\"elementor-tab-title-6432\" tabindex=\"0\" hidden=\"hidden\"><p class=\"s5\"><span class=\"s4\">Cuneyd Zapsu\u2019s paternal grandfather, Abdurrahim Zapsu, was a scholar, writer and poet. He was a descendant of Abdulkadir Geylani on his father\u2019s side and the Abbasid family on his mother\u2019s side. Abdurrahim Zapsu married Hidayet Zapsu who was from the Bedirhani family. They had four children named Mustafa Pertev, Ayse Hale, Jale and Daver Metin.<\/span><\/p><p class=\"s5\"><span class=\"s4\">His maternal grandfather, Ibrahim Uzel, migrated from Rus\u00e7uk (Rousse) to Bursa in 1912. He established Uzel Machinery which manufactured the first tractor in Turkey. His daughter Gaye married Mustafa Pertev Zapsu and they had two children: Geylan Abdulaziz and Hasan Cuneyd Zapsu.<\/span><\/p><p class=\"s5\"><span class=\"s4\">Despite being the son of an Islamic scholar, Pertev Zapsu studied at Saint George Austrian High School (his sisters also in French and Austrian schools) in Istanbul. He was a supporter of the Democrat Party and left Turkey on the night of the 1960 military coup on a ship. Staying first in Marseille and Rotterdam, he settled in Munich and later brought his family to Germany. There, he traded cotton yarn. The family returned to Istanbul in 1967.<\/span><\/p><p class=\"s5\"><span class=\"s4\">Gaye Zapsu was born in Bursa. Along with being a founder of Azizler Holding, she was an artist and teacher of Islamic illumination and calligraphy.<\/span><\/p><\/div>\n\t\t\t\t\t\t\t\t\t<div class=\"elementor-tab-title elementor-tab-mobile-title\" aria-selected=\"false\" data-tab=\"3\" role=\"tab\" tabindex=\"-1\" aria-controls=\"elementor-tab-content-6433\" aria-expanded=\"false\"><i class=\"icon-dot\"><\/i> Business<\/div>\n\t\t\t\t\t<div id=\"elementor-tab-content-6433\" class=\"elementor-tab-content elementor-clearfix\" data-tab=\"3\" role=\"tabpanel\" aria-labelledby=\"elementor-tab-title-6433\" tabindex=\"0\" hidden=\"hidden\"><p class=\"s5\"><span class=\"s4\">Below, we show <\/span><span class=\"s4\">a <\/span><span class=\"s4\">relatively<\/span><span class=\"s4\"> small selection of <\/span><span class=\"s4\">the works he has done and currently does in his <\/span><span class=\"s4\">career<\/span><span class=\"s4\">.<\/span><\/p><div class=\"s8\"><span class=\"s7\">\u2022 <\/span><span class=\"s4\">Texu GmbH \u2013 Munich \/ General Manager \/ 1975 \u2013 1978<\/span><\/div><div class=\"s8\"><span class=\"s7\">\u2022 <\/span><span class=\"s4\">Azizler Holding \u2013 Istanbul \/ Chairman, Vice \u2013 Chairman and Board Member of various companies \/ 1977 \u2013 2002<\/span><\/div><div class=\"s8\"><span class=\"s7\">\u2022 <\/span><span class=\"s4\">A&amp;C Marketing GmbH \u2013 Munich \/ Founder and General Manager \/ 1978 \u2013 1999<\/span><\/div><div class=\"s8\"><span class=\"s7\">\u2022 <\/span><span class=\"s4\">Balsu G\u0131da Sanayi ve Ticaret A.\u015e. \u2013 Istanbul \/ Founder, General Manager, Chairman \/ 1979 \u2013\u00a0<\/span><span class=\"s9\">present<\/span><\/div><div class=\"s8\"><span class=\"s7\">\u2022 <\/span><span class=\"s4\">Birle\u015fik Ma\u011fazalar A.\u015e. (B\u0130M) \u2013 Istanbul \/ Founder and Board Member \/ 1995 \u2013 1999<\/span><\/div><div class=\"s8\"><span class=\"s7\">\u2022 <\/span><span class=\"s4\">Cuneyd Zapsu Consultancy A.\u015e. \u2013 Istanbul \/ Chairman \/ 2008 \u2013\u00a0<\/span><span class=\"s9\">present<\/span><\/div><div class=\"s8\"><span class=\"s7\">\u2022 <\/span><span class=\"s4\">Texas Pacific Group (TPG) \u2013 Fort Worth TX \/ Senior Advisor \/ 2008 \u2013 2017<\/span><\/div><div class=\"s8\"><span class=\"s7\">\u2022 <\/span><span class=\"s4\">A 101 Yeni Ma\u011fazac\u0131l\u0131k A.\u015e. \u2013 Istanbul \/ Founder and Shareholder \/ 2008 \u2013 2010<\/span><\/div><div class=\"s8\"><span class=\"s7\">\u2022 <\/span><span class=\"s4\">RWE Holding A.\u015e. \u2013 Istanbul \/ Vice<\/span><span class=\"s4\">&#8211;<\/span><span class=\"s4\">Chairman \/ 2008 \u2013 2013<\/span><\/div><div class=\"s8\"><span class=\"s7\">\u2022 <\/span><span class=\"s4\">RWE \u2013<\/span><span class=\"s4\"> Essen \/ Senior Advisor \/ 2008 \u2013 2013<\/span><\/div><div class=\"s8\"><span class=\"s7\">\u2022 <\/span><span class=\"s4\">Barclays Capital \u2013 London \/ Senior Advisor \/ 2010 \u2013 2014<\/span><\/div><div class=\"s8\"><span class=\"s7\">\u2022 <\/span><span class=\"s4\">Deloitte \u2013 \u0130stanbul \/ Senior Advisor \/ 2012 \u2013 2014<\/span><\/div><div class=\"s8\"><span class=\"s7\">\u2022 <\/span><span class=\"s4\">Coca Cola Inc.\u00a0\u2013\u00a0Atlanta \/ Senior Advisor \/ 2012 \u2013 2020<\/span><\/div><div class=\"s8\"><span class=\"s7\">\u2022 <\/span><span class=\"s4\">World Economic Forum (WEF) \u2013 Geneva \/ Senior Advisor \/ 2012 \u2013 2021<\/span><\/div><div class=\"s8\"><span class=\"s7\">\u2022 <\/span><span class=\"s4\">Akkuyu NPP \u2013 Ankara \/ Member of the Board \/ 2013 \u2013 2022<\/span><\/div><div class=\"s8\"><span class=\"s7\">\u2022 <\/span><span class=\"s4\">WPP \u2013 London \/ Advisory Board Member \/ 2013 \u2013 2018<\/span><\/div><\/div>\n\t\t\t\t\t\t\t\t\t<div class=\"elementor-tab-title elementor-tab-mobile-title\" aria-selected=\"false\" data-tab=\"4\" role=\"tab\" tabindex=\"-1\" aria-controls=\"elementor-tab-content-6434\" aria-expanded=\"false\"><i class=\"icon-dot\"><\/i> Civil Society<\/div>\n\t\t\t\t\t<div id=\"elementor-tab-content-6434\" class=\"elementor-tab-content elementor-clearfix\" data-tab=\"4\" role=\"tabpanel\" aria-labelledby=\"elementor-tab-title-6434\" tabindex=\"0\" hidden=\"hidden\"><div class=\"s8\"><span class=\"s7\">\u2022 <\/span><span class=\"s4\">Turkish Industrialists and Businessmen Association (TUSIAD) \u2013 Istanbul \/ Member \/ 1986 \u2013\u00a0<\/span><span class=\"s9\">present<\/span><\/div><div class=\"s8\"><span class=\"s7\">\u2022 <\/span><span class=\"s4\">Exporters Association \u2013 Istanbul \/ President \/ 1987 \u2013 2001<\/span><\/div><div class=\"s8\"><span class=\"s7\">\u2022 <\/span><span class=\"s4\">International Investors Association (YASED) \u2013 Istanbul \/ Member \/ 1989 \u2013 2006<\/span><\/div><div class=\"s8\"><span class=\"s7\">\u2022 <\/span><span class=\"s4\">Turkish \u2013 US Business Council (TAIK) \/ Board Member \/ 1994 \u2013\u00a0<\/span><span class=\"s9\">present<\/span><\/div><div class=\"s8\"><span class=\"s7\">\u2022 <\/span><span class=\"s4\">German-Turkish Chamber of Industry and Commerce \/ 1995 \u2013 2002<\/span><\/div><div class=\"s8\"><span class=\"s7\">\u2022 <\/span><span class=\"s4\">International Nuts and Dried Fruit Council (INC) \/ Board Member, President and ExeCo Member \/ 1996 \u2013 2019<\/span><\/div><div class=\"s8\"><span class=\"s7\">\u2022 <\/span><span class=\"s4\">Hazelnut Promotion Group (FTG) \/ Founding Co-Chairman \/ 1997 \u2013 2001<\/span><\/div><div class=\"s8\"><span class=\"s7\">\u2022 <\/span><span class=\"s4\">World Hazelnut Council \u2013 New Jersey \/ Founding Co-Chairman \/ 1997 \u2013 2001<\/span><\/div><div class=\"s8\"><span class=\"s7\">\u2022 <\/span><span class=\"s4\">Turkish Economic and Social Studies Foundation (TESEV) \/ High Advisory Board \/ 2000\u00a0\u2013\u00a02015<\/span><\/div><div class=\"s8\"><span class=\"s7\">\u2022 <\/span><span class=\"s4\">Justice and Development Party (AK Party) \/ Founder, Executive Board Member, Party Chairman\u2019s Private Assistant and Information Coordinator \/ 2001 \u2013 2008<\/span><\/div><div class=\"s8\"><span class=\"s7\">\u2022 <\/span><span class=\"s4\">World Economic Forum (WEF) \u2013 Geneva \/ Member, Partner \/ 2002 \u2013\u00a0<\/span><span class=\"s9\">present<\/span><\/div><div class=\"s8\"><span class=\"s7\">\u2022 <\/span><span class=\"s4\">Young Lives Foundation (GHV)\u2013 Istanbul \/ Founder, Member of the Supervisory Board \/ 2008 \u2013\u00a0<\/span><span class=\"s9\">present<\/span><\/div><div class=\"s8\"><span class=\"s7\">\u2022 <\/span><span class=\"s4\">Turkish \u2013 German Business Council \u2013 Istanbul \/ Board Member \/ 2008 \u2013 2018<\/span><\/div><div class=\"s8\"><span class=\"s7\">\u2022 <\/span><span class=\"s4\">Istanbul University, Faculty of Business Administration ALUMN\u0130 \/ Chairman of Advisory Board \/ 2010 \u2013\u00a0<\/span><span class=\"s9\">present<\/span><\/div><div class=\"s8\"><span class=\"s7\">\u2022 <\/span><span class=\"s4\">Antalya Bilim University \/ Member of the Board of Trustees \/ 2011 \u2013 2017<\/span><\/div><div class=\"s8\"><span class=\"s7\">\u2022 <\/span><span class=\"s4\">German High School Association \u2013 Istanbul \/ ALUMN\u0130 Member \/ 2014 \u2013\u00a0<\/span><span class=\"s9\">present<\/span><\/div><div class=\"s8\"><span class=\"s7\">\u2022 <\/span><span class=\"s4\">Public Policy and Democracy Studies Association (PODEM) \/ Vice Chairman\/ 2015 \u2013\u00a0<\/span><span class=\"s9\">present<\/span><\/div><div class=\"s8\"><span class=\"s7\">\u2022 <\/span><span class=\"s4\">Foreign Economic Relations Board (DEIK) \u2013 Istanbul \/ Board Member \/ 2015 \u2013\u00a0<\/span><span class=\"s9\">present<\/span><\/div><div class=\"s8\"><span class=\"s7\">\u2022 <\/span><span class=\"s4\">The Performance Theatre (TPT) \u2013 London \/ Advisory Board Member \/ 2016 \u2013\u00a0<\/span><span class=\"s9\">present<\/span><\/div><\/div>\n\t\t\t\t\t\t\t\t\t<div class=\"elementor-tab-title elementor-tab-mobile-title\" aria-selected=\"false\" data-tab=\"5\" role=\"tab\" tabindex=\"-1\" aria-controls=\"elementor-tab-content-6435\" aria-expanded=\"false\"><i class=\"icon-dot\"><\/i> Merits<\/div>\n\t\t\t\t\t<div id=\"elementor-tab-content-6435\" class=\"elementor-tab-content elementor-clearfix\" data-tab=\"5\" role=\"tabpanel\" aria-labelledby=\"elementor-tab-title-6435\" tabindex=\"0\" hidden=\"hidden\"><div class=\"s8\"><span class=\"s7\">\u2022 <\/span><span class=\"s4\">Turkey\u2019s Best Exporters Annual Gold Medal and Plaque<\/span><span class=\"s4\">,<\/span><span class=\"s4\"> and Awards from the Istanbul Chamber of Commerce, Istanbul Chamber of Industry and Ministry of Trade \/ 1987 \u2013 2004<\/span><\/div><div class=\"s8\"><span class=\"s7\">\u2022 <\/span><span class=\"s4\">Federal Order of Merit from the President of the Federal Republic of Germany \/ 2007<\/span><\/div><div class=\"s8\"><span class=\"s7\">\u2022 <\/span><span class=\"s4\">Golden Nut Award by International Nuts and Dried Fruit Council, INC \/ 2015<\/span><\/div><\/div>\n\t\t\t\t\t\t\t\t\t<div class=\"elementor-tab-title elementor-tab-mobile-title\" aria-selected=\"false\" data-tab=\"6\" role=\"tab\" tabindex=\"-1\" aria-controls=\"elementor-tab-content-6436\" aria-expanded=\"false\"><i class=\"icon-dot\"><\/i> Education<\/div>\n\t\t\t\t\t<div id=\"elementor-tab-content-6436\" class=\"elementor-tab-content elementor-clearfix\" data-tab=\"6\" role=\"tabpanel\" aria-labelledby=\"elementor-tab-title-6436\" tabindex=\"0\" hidden=\"hidden\"><div class=\"s8\"><span class=\"s7\">\u2022 <\/span><span class=\"s4\">Primary Education in Munich \/ 1962 \u2013 1967<\/span><\/div><div class=\"s8\"><span class=\"s7\">\u2022 <\/span><span class=\"s4\">German High School, Istanbul \/ 1967 \u2013 1974<\/span><\/div><div class=\"s8\"><span class=\"s7\">\u2022 <\/span><span class=\"s4\">Istanbul University, School of Business \/ 1974 \u2013 1979<\/span><\/div><div class=\"s8\"><span class=\"s7\">\u2022 <\/span><span class=\"s4\">Ludwig Maximilian University, School of Economics, Munich \/ 1975 \u2013 1980<\/span><\/div><\/div>\n\t\t\t\t\t\t\t<\/div>\n\t\t<\/div>\n\t\t\t\t\t\t<\/div>\n\t\t\t\t<\/div>\n\t\t\t\t\t<\/div>\n\t\t<\/div>\n\t\t\t\t\t<\/div>\n\t\t<\/section>\n\t\t\t\t<section class=\"elementor-section elementor-top-section elementor-element elementor-element-6d41c44 elementor-section-height-min-height elementor-section-boxed elementor-section-height-default elementor-section-items-middle\" data-id=\"6d41c44\" data-element_type=\"section\" data-e-type=\"section\">\n\t\t\t\t\t\t<div class=\"elementor-container elementor-column-gap-default\">\n\t\t\t\t\t<div class=\"elementor-column elementor-col-100 elementor-top-column elementor-element elementor-element-edd57bb\" data-id=\"edd57bb\" data-element_type=\"column\" data-e-type=\"column\">\n\t\t\t<div class=\"elementor-widget-wrap\">\n\t\t\t\t\t\t\t<\/div>\n\t\t<\/div>\n\t\t\t\t\t<\/div>\n\t\t<\/section>\n\t\t\t\t<\/div>\n\t\t","protected":false},"excerpt":{"rendered":"<p>Home \/ Biography Cuneyd Zapsu Family Background Business Civil Society Merits Education Cuneyd Zapsu Cuneyd Zapsu was born in Istanbul on November 19, 1956. His mother,<span class=\"excerpt-hellip\"> [\u2026]<\/span><\/p>\n","protected":false},"author":1,"featured_media":0,"parent":0,"menu_order":0,"comment_status":"closed","ping_status":"closed","template":"","meta":{"footnotes":""},"class_list":["post-310","page","type-page","status-publish","hentry"],"_links":{"self":[{"href":"https:\/\/www.czapsu.com\/en\/wp-json\/wp\/v2\/pages\/310","targetHints":{"allow":["GET"]}}],"collection":[{"href":"https:\/\/www.czapsu.com\/en\/wp-json\/wp\/v2\/pages"}],"about":[{"href":"https:\/\/www.czapsu.com\/en\/wp-json\/wp\/v2\/types\/page"}],"author":[{"embeddable":true,"href":"https:\/\/www.czapsu.com\/en\/wp-json\/wp\/v2\/users\/1"}],"replies":[{"embeddable":true,"href":"https:\/\/www.czapsu.com\/en\/wp-json\/wp\/v2\/comments?post=310"}],"version-history":[{"count":0,"href":"https:\/\/www.czapsu.com\/en\/wp-json\/wp\/v2\/pages\/310\/revisions"}],"wp:attachment":[{"href":"https:\/\/www.czapsu.com\/en\/wp-json\/wp\/v2\/media?parent=310"}],"curies":[{"name":"wp","href":"https:\/\/api.w.org\/{rel}","templated":true}]}}